{"id":10,"date":"2020-08-08T11:04:35","date_gmt":"2020-08-08T11:04:35","guid":{"rendered":"http:\/\/neuspalou.com\/?page_id=10"},"modified":"2021-08-30T16:46:02","modified_gmt":"2021-08-30T16:46:02","slug":"contacto","status":"publish","type":"page","link":"https:\/\/neuspalou.com\/index.php\/contacto\/","title":{"rendered":"Contacto"},"content":{"rendered":"\n<p>Puedes contactar con nosotros mediante:<\/p>\n\n\n\n<p>Correo electr\u00f3nico:<strong> neuspalou@gmail.com<\/strong> <\/p>\n\n\n\n<p>Tel\u00e9fono:<strong> 971 &#8211; 723155<\/strong> <\/p>\n\n\n\n<p>o visitando nuestra tienda Cal\u00e7ats Neus Palou en  C\/Sindicat 17, Palma (Mallorca, Illes Balears), Espa\u00f1a.<\/p>\n","protected":false},"excerpt":{"rendered":"<p>Puedes contactar con nosotros mediante: Correo electr\u00f3nico: neuspalou@gmail.com Tel\u00e9fono: 971 &#8211; 723155 o visitando nuestra tienda Cal\u00e7ats Neus Palou en C\/Sindicat 17, Palma (Mallorca, Illes&hellip;<\/p>\n","protected":false},"author":1,"featured_media":5,"parent":0,"menu_order":0,"comment_status":"closed","ping_status":"closed","template":"","meta":[],"_links":{"self":[{"href":"https:\/\/neuspalou.com\/index.php\/wp-json\/wp\/v2\/pages\/10"}],"collection":[{"href":"https:\/\/neuspalou.com\/index.php\/wp-json\/wp\/v2\/pages"}],"about":[{"href":"https:\/\/neuspalou.com\/index.php\/wp-json\/wp\/v2\/types\/page"}],"author":[{"embeddable":true,"href":"https:\/\/neuspalou.com\/index.php\/wp-json\/wp\/v2\/users\/1"}],"replies":[{"embeddable":true,"href":"https:\/\/neuspalou.com\/index.php\/wp-json\/wp\/v2\/comments?post=10"}],"version-history":[{"count":7,"href":"https:\/\/neuspalou.com\/index.php\/wp-json\/wp\/v2\/pages\/10\/revisions"}],"predecessor-version":[{"id":693,"href":"https:\/\/neuspalou.com\/index.php\/wp-json\/wp\/v2\/pages\/10\/revisions\/693"}],"wp:featuredmedia":[{"embeddable":true,"href":"https:\/\/neuspalou.com\/index.php\/wp-json\/wp\/v2\/media\/5"}],"wp:attachment":[{"href":"https:\/\/neuspalou.com\/index.php\/wp-json\/wp\/v2\/media?parent=10"}],"curies":[{"name":"wp","href":"https:\/\/api.w.org\/{rel}","templated":true}]}}